{"id":676,"date":"2014-05-30T12:07:14","date_gmt":"2014-05-30T12:07:14","guid":{"rendered":"http:\/\/wpresidence.net\/?page_id=676"},"modified":"2024-06-10T11:55:35","modified_gmt":"2024-06-10T11:55:35","slug":"agent-list","status":"publish","type":"page","link":"https:\/\/www.housestobuy.it\/it\/agent-list\/","title":{"rendered":"Agenti"},"content":{"rendered":"<div data-elementor-type=\"wp-page\" data-elementor-id=\"676\" class=\"elementor elementor-676\">\n\t\t\t\t\t\t<section class=\"elementor-section elementor-top-section elementor-element elementor-element-514cb828 elementor-section-boxed elementor-section-height-default elementor-section-height-default\" data-id=\"514cb828\" data-element_type=\"section\">\n\t\t\t\t\t\t<div class=\"elementor-container elementor-column-gap-default\">\n\t\t\t\t\t<div class=\"elementor-column elementor-col-100 elementor-top-column elementor-element elementor-element-48973440\" data-id=\"48973440\" data-element_type=\"column\">\n\t\t\t<div class=\"elementor-widget-wrap elementor-element-populated\">\n\t\t\t\t\t\t<div class=\"elementor-element elementor-element-130b7a30 elementor-widget elementor-widget-text-editor\" data-id=\"130b7a30\" data-element_type=\"widget\" data-widget_type=\"text-editor.default\">\n\t\t\t\t<div class=\"elementor-widget-container\">\n\t\t\t\t\t\t\t\t\tCi piace pensare a noi stessi come un&#039;agenzia di locazione e gestione piccola ma perfettamente organizzata. Lavorando ottieni l&#039;esposizione, la conoscenza e l&#039;esperienza che ti aspetteresti da un grande agente, ma riceverai il servizio solo da un&#039;azienda pi\u00f9 piccola costruita attorno al cliente e all&#039;inquilino di 100%. Che tu stia cercando una propriet\u00e0 in vendita nella zona di New York o una propriet\u00e0 in affitto, WP Residence semplifica la ricerca. Utilizza la nostra esclusiva funzionalit\u00e0 di mappatura della geolocalizzazione per individuare la tua villa, residenza o appartamento ideale e contattare direttamente i proprietari. Ti aiuteremo a trovare la casa dei tuoi sogni in pochi secondi.\t\t\t\t\t\t\t\t<\/div>\n\t\t\t\t<\/div>\n\t\t\t\t\t<\/div>\n\t\t<\/div>\n\t\t\t\t\t<\/div>\n\t\t<\/section>\n\t\t\t\t<section class=\"elementor-section elementor-top-section elementor-element elementor-element-3b0479b elementor-section-boxed elementor-section-height-default elementor-section-height-default\" data-id=\"3b0479b\" data-element_type=\"section\">\n\t\t\t\t\t\t<div class=\"elementor-container elementor-column-gap-default\">\n\t\t\t\t\t<div class=\"elementor-column elementor-col-100 elementor-top-column elementor-element elementor-element-97dddfb\" data-id=\"97dddfb\" data-element_type=\"column\">\n\t\t\t<div class=\"elementor-widget-wrap elementor-element-populated\">\n\t\t\t\t\t\t<div class=\"elementor-element elementor-element-72e0b7e elementor-widget elementor-widget-WpResidence_List_Agents\" data-id=\"72e0b7e\" data-element_type=\"widget\" data-widget_type=\"WpResidence_List_Agents.default\">\n\t\t\t\t<div class=\"elementor-widget-container\">\n\t\t\t\t\t<div class=\"article_container bottom-estate_agent nobutton\" ><div class=\"col-md-4 listing_wrapper\">    <div class=\"agent_unit\" data-link=\"https:\/\/www.housestobuy.it\/it\/agents\/houses-to-buy\/\">\n        <div class=\"agent-unit-img-wrapper\">\n                            <div class=\"agent_card_my_listings\">\n                    93 annunci                <\/div>\n                  \n            \n            \n         \n            <img fetchpriority=\"high\" decoding=\"async\" width=\"525\" height=\"328\" src=\"https:\/\/www.housestobuy.it\/wp-content\/uploads\/2024\/04\/foto-profilo-525x328.jpg\" class=\"lazyload img-responsive wp-post-image\" alt=\"\" \/>        <\/div>    \n            \n\n        <h4> <a href=\"https:\/\/www.housestobuy.it\/it\/agents\/houses-to-buy\/\">Pietro Zampino<\/a><\/h4>\n        <div class=\"agent_position\">Il tuo consulente di fiducia in Italia<\/div><div class=\"agent_card_content\">La socievolezza, lo spirito indipendente e l&#039;incredibile servizio clienti di Pietro lo distinguono <a href=\"https:\/\/www.housestobuy.it\/it\/agents\/houses-to-buy\/\" class=\"unit_more_x\">...<\/a><\/div>\n     \n       \n        <div class=\"agent_unit_social agent_list\">\n        \n               \n                <a class=\"agent_unit_facebook\" href=\"https:\/\/www.facebook.com\/housestobuy.it\" rel=\"noopener\" ><i class=\"fab fa-facebook-f\"><\/i><\/a> <a  class=\"agent_unit_linkedin\" href=\"https:\/\/www.linkedin.com\/company\/houses-to-buy\" rel=\"noopener\" ><i class=\"fab fa-linkedin-in\"><\/i><\/a> <a  class=\"agent_unit_instagram\" href=\"https:\/\/www.instagram.com\/housestobuy.it\" rel=\"noopener\" ><i class=\"fab fa-instagram\"><\/i><\/a><div class=\"agent_unit_phone\"><a href=\"tel:0282398708\" rel=\"noopener\" ><i class=\"fas fa-phone\"><\/i><\/a><\/div><div class=\"agent_unit_email\"><a href=\"mailto:sales@housestobuy.it\" rel=\"noopener\" ><i class=\"fas fa-envelope\"><\/i><\/a><\/div>           \n        <\/div>\n    <\/div>\n<!-- <\/div>    --><\/div><div class=\"col-md-4 listing_wrapper\">    <div class=\"agent_unit\" data-link=\"https:\/\/www.housestobuy.it\/it\/agents\/buytorent\/\">\n        <div class=\"agent-unit-img-wrapper\">\n                  \n            \n            \n         \n            <img decoding=\"async\" width=\"525\" height=\"328\" src=\"https:\/\/www.housestobuy.it\/wp-content\/uploads\/2024\/05\/Immagine-2024-06-13-163258-525x328.png\" class=\"lazyload img-responsive wp-post-image\" alt=\"\" srcset=\"https:\/\/www.housestobuy.it\/wp-content\/uploads\/2024\/05\/Immagine-2024-06-13-163258-525x328.png 525w, https:\/\/www.housestobuy.it\/wp-content\/uploads\/2024\/05\/Immagine-2024-06-13-163258-18x12.png 18w\" sizes=\"(max-width: 525px) 100vw, 525px\" \/>        <\/div>    \n            \n\n        <h4> <a href=\"https:\/\/www.housestobuy.it\/it\/agents\/buytorent\/\">BuytoRent<\/a><\/h4>\n        <div class=\"agent_position\"><\/div><div class=\"agent_card_content\">La nostra missione \u00e8 rendere l&#039;investimento pi\u00f9 sicuro di sempre, The Home, semplice e trasparente. Compratore <a href=\"https:\/\/www.housestobuy.it\/it\/agents\/buytorent\/\" class=\"unit_more_x\">...<\/a><\/div>\n     \n       \n        <div class=\"agent_unit_social agent_list\">\n        \n               \n                          \n        <\/div>\n    <\/div>\n<!-- <\/div>    --><\/div><div class=\"col-md-4 listing_wrapper\">    <div class=\"agent_unit\" data-link=\"https:\/\/www.housestobuy.it\/it\/agents\/michele-bariggi\/\">\n        <div class=\"agent-unit-img-wrapper\">\n                  \n            \n            \n         \n            <img decoding=\"async\" width=\"525\" height=\"328\" src=\"https:\/\/www.housestobuy.it\/wp-content\/uploads\/2024\/08\/Immagine-2024-08-11-142232-e1723379299635-525x328.png\" class=\"lazyload img-responsive wp-post-image\" alt=\"\" srcset=\"https:\/\/www.housestobuy.it\/wp-content\/uploads\/2024\/08\/Immagine-2024-08-11-142232-e1723379299635-525x328.png 525w, https:\/\/www.housestobuy.it\/wp-content\/uploads\/2024\/08\/Immagine-2024-08-11-142232-e1723379299635-18x12.png 18w\" sizes=\"(max-width: 525px) 100vw, 525px\" \/>        <\/div>    \n            \n\n        <h4> <a href=\"https:\/\/www.housestobuy.it\/it\/agents\/michele-bariggi\/\">Michele Bariggi<\/a><\/h4>\n        <div class=\"agent_position\"><\/div><div class=\"agent_card_content\">Diplomato in Ragioneria, disponibile e competente, Michele \u00e8 riuscito a ritagliarsi uno spazio per <a href=\"https:\/\/www.housestobuy.it\/it\/agents\/michele-bariggi\/\" class=\"unit_more_x\">...<\/a><\/div>\n     \n       \n        <div class=\"agent_unit_social agent_list\">\n        \n               \n               <div class=\"agent_unit_phone\"><a href=\"tel:3457226795\" rel=\"noopener\" ><i class=\"fas fa-phone\"><\/i><\/a><\/div>           \n        <\/div>\n    <\/div>\n<!-- <\/div>    --><\/div><\/div>\t\t\t\t<\/div>\n\t\t\t\t<\/div>\n\t\t\t\t\t<\/div>\n\t\t<\/div>\n\t\t\t\t\t<\/div>\n\t\t<\/section>\n\t\t\t\t<\/div>","protected":false},"excerpt":{"rendered":"<p>Ci piace considerarci una piccola ma perfetta agenzia di locazioni e gestione immobiliare. Lavorando con voi, otterrete la visibilit\u00e0, la conoscenza e la competenza che vi aspettereste da una grande agenzia, ma con il servizio che riceverete solo da una piccola impresa, costruita attorno all&#039;attenzione 100% per clienti e inquilini. Che stiate cercando un immobile in vendita nell&#039;area di New York o un immobile in affitto,...<\/p>","protected":false},"author":1,"featured_media":0,"parent":0,"menu_order":0,"comment_status":"open","ping_status":"open","template":"","meta":{"inline_featured_image":false,"_joinchat":[],"footnotes":""},"class_list":["post-676","page","type-page","status-publish","hentry"],"aioseo_notices":[],"_links":{"self":[{"href":"https:\/\/www.housestobuy.it\/it\/wp-json\/wp\/v2\/pages\/676","targetHints":{"allow":["GET"]}}],"collection":[{"href":"https:\/\/www.housestobuy.it\/it\/wp-json\/wp\/v2\/pages"}],"about":[{"href":"https:\/\/www.housestobuy.it\/it\/wp-json\/wp\/v2\/types\/page"}],"author":[{"embeddable":true,"href":"https:\/\/www.housestobuy.it\/it\/wp-json\/wp\/v2\/users\/1"}],"replies":[{"embeddable":true,"href":"https:\/\/www.housestobuy.it\/it\/wp-json\/wp\/v2\/comments?post=676"}],"version-history":[{"count":4,"href":"https:\/\/www.housestobuy.it\/it\/wp-json\/wp\/v2\/pages\/676\/revisions"}],"predecessor-version":[{"id":24045,"href":"https:\/\/www.housestobuy.it\/it\/wp-json\/wp\/v2\/pages\/676\/revisions\/24045"}],"wp:attachment":[{"href":"https:\/\/www.housestobuy.it\/it\/wp-json\/wp\/v2\/media?parent=676"}],"curies":[{"name":"wp","href":"https:\/\/api.w.org\/{rel}","templated":true}]}}